{"id":3391,"date":"2018-08-20T17:06:02","date_gmt":"2018-08-20T17:06:02","guid":{"rendered":"https:\/\/mpcarservice.it\/ecommerce-creative-home-page\/"},"modified":"2019-05-24T13:24:19","modified_gmt":"2019-05-24T13:24:19","slug":"ecommerce-creative-home-page","status":"publish","type":"page","link":"https:\/\/mpcarservice.it\/de\/","title":{"rendered":"MP Car Service"},"content":{"rendered":"[vc_row type=&#8220;full_width_content&#8220; full_screen_row_position=&#8220;middle&#8220; equal_height=&#8220;yes&#8220; content_placement=&#8220;top&#8220; bg_image=&#8220;3360&#8243; bg_position=&#8220;center center&#8220; bg_repeat=&#8220;no-repeat&#8220; bg_color=&#8220;#232323&#8243; scene_position=&#8220;center&#8220; text_color=&#8220;light&#8220; text_align=&#8220;left&#8220; top_padding=&#8220;12%&#8220; bottom_padding=&#8220;24%&#8220; color_overlay=&#8220;#000000&#8243; overlay_strength=&#8220;0.3&#8243; shape_divider_position=&#8220;bottom&#8220; bg_image_animation=&#8220;none&#8220; shape_type=&#8220;&#8220;][vc_column column_padding=&#8220;no-extra-padding&#8220; column_padding_position=&#8220;all&#8220; background_color_opacity=&#8220;1&#8243; background_hover_color_opacity=&#8220;1&#8243; column_link_target=&#8220;_self&#8220; column_shadow=&#8220;none&#8220; column_border_radius=&#8220;none&#8220; width=&#8220;1\/1&#8243; tablet_width_inherit=&#8220;default&#8220; tablet_text_alignment=&#8220;default&#8220; phone_text_alignment=&#8220;default&#8220; column_border_width=&#8220;none&#8220; column_border_style=&#8220;solid&#8220; bg_image_animation=&#8220;none&#8220;][vc_row_inner equal_height=&#8220;yes&#8220; content_placement=&#8220;top&#8220; column_margin=&#8220;default&#8220; text_align=&#8220;left&#8220;][vc_column_inner column_padding=&#8220;no-extra-padding&#8220; column_padding_position=&#8220;left&#8220; centered_text=&#8220;true&#8220; background_color_opacity=&#8220;1&#8243; background_hover_color_opacity=&#8220;1&#8243; column_shadow=&#8220;none&#8220; column_border_radius=&#8220;none&#8220; column_link_target=&#8220;_self&#8220; width=&#8220;1\/2&#8243; tablet_width_inherit=&#8220;default&#8220; column_border_width=&#8220;none&#8220; column_border_style=&#8220;solid&#8220; bg_image_animation=&#8220;none&#8220;][nectar_single_testimonial testimonial_style=&#8220;bold&#8220; color=&#8220;Default&#8220; quote=&#8220;Once a year, go someplace<br \/>\nyou&#8217;ve never been before&#8220; name=&#8220;Dalai Lama&#8220;][\/vc_column_inner][vc_column_inner column_padding=&#8220;no-extra-padding&#8220; column_padding_position=&#8220;all&#8220; centered_text=&#8220;true&#8220; background_color_opacity=&#8220;1&#8243; background_hover_color_opacity=&#8220;1&#8243; column_shadow=&#8220;none&#8220; column_border_radius=&#8220;none&#8220; column_link_target=&#8220;_self&#8220; width=&#8220;1\/2&#8243; tablet_width_inherit=&#8220;default&#8220; column_border_width=&#8220;none&#8220; column_border_style=&#8220;solid&#8220; bg_image_animation=&#8220;none&#8220;][\/vc_column_inner][\/vc_row_inner][\/vc_column][\/vc_row][vc_row type=&#8220;full_width_background&#8220; full_screen_row_position=&#8220;middle&#8220; bg_color=&#8220;#191919&#8243; scene_position=&#8220;center&#8220; text_color=&#8220;light&#8220; text_align=&#8220;left&#8220; top_padding=&#8220;0&#8243; bottom_padding=&#8220;3%&#8220; id=&#8220;Ueberuns&#8220; overlay_strength=&#8220;0.3&#8243; shape_divider_position=&#8220;bottom&#8220; bg_image_animation=&#8220;none&#8220; shape_type=&#8220;&#8220;][vc_column column_padding=&#8220;no-extra-padding&#8220; column_padding_position=&#8220;all&#8220; background_color_opacity=&#8220;1&#8243; background_hover_color_opacity=&#8220;1&#8243; column_link_target=&#8220;_self&#8220; column_shadow=&#8220;none&#8220; column_border_radius=&#8220;none&#8220; width=&#8220;1\/2&#8243; tablet_width_inherit=&#8220;default&#8220; tablet_text_alignment=&#8220;default&#8220; phone_text_alignment=&#8220;default&#8220; column_border_width=&#8220;none&#8220; column_border_style=&#8220;solid&#8220; bg_image_animation=&#8220;none&#8220; enable_animation=&#8220;true&#8220; animation=&#8220;fade-in-from-bottom&#8220;][vc_custom_heading text=&#8220;Wir sind die Offroad-Experten&#8220; use_theme_fonts=&#8220;yes&#8220;][divider line_type=&#8220;No Line&#8220; custom_height=&#8220;20&#8243;][vc_custom_heading text=&#8220;MP Car Service ist eine Werkstatt, die sich seit vielen Jahren auf die Instandhaltung und die Ausstattung von Offroad- und 4&#215;4-Fahrzeugen sowie SUVs spezialisiert hat.&#8220; font_container=&#8220;tag:p|font_size:22|text_align:left&#8220; use_theme_fonts=&#8220;yes&#8220;][vc_column_text]Dar\u00fcber hinaus k\u00fcmmern wir uns um\u00a0 Fahrzeuge aller Marken. Bei allen unseren Arbeiten steht die Qualit\u00e4t im Vordergrund, der unser ganzer Einsatz in einer modern eingerichteten Werkstatt dient.[\/vc_column_text][divider line_type=&#8220;No Line&#8220; custom_height=&#8220;20&#8243;][nectar_btn size=&#8220;large&#8220; button_style=&#8220;see-through&#8220; button_color_2=&#8220;Extra-Color-2&#8243; icon_family=&#8220;none&#8220; url=&#8220;\/de\/kontakt\/&#8220; text=&#8220;Kontaktieren Sie uns!&#8220;][\/vc_column][vc_column column_padding=&#8220;no-extra-padding&#8220; column_padding_position=&#8220;all&#8220; background_color_opacity=&#8220;1&#8243; background_hover_color_opacity=&#8220;1&#8243; column_link_target=&#8220;_self&#8220; column_shadow=&#8220;none&#8220; column_border_radius=&#8220;none&#8220; width=&#8220;1\/2&#8243; tablet_width_inherit=&#8220;default&#8220; tablet_text_alignment=&#8220;default&#8220; phone_text_alignment=&#8220;default&#8220; column_border_width=&#8220;none&#8220; column_border_style=&#8220;solid&#8220; bg_image_animation=&#8220;none&#8220;][vc_row_inner column_margin=&#8220;default&#8220; text_align=&#8220;left&#8220;][vc_column_inner column_padding=&#8220;no-extra-padding&#8220; column_padding_position=&#8220;all&#8220; background_color_opacity=&#8220;1&#8243; background_hover_color_opacity=&#8220;1&#8243; column_shadow=&#8220;none&#8220; column_border_radius=&#8220;none&#8220; column_link_target=&#8220;_self&#8220; width=&#8220;1\/1&#8243; tablet_width_inherit=&#8220;default&#8220; column_border_width=&#8220;none&#8220; column_border_style=&#8220;solid&#8220; bg_image_animation=&#8220;none&#8220; offset=&#8220;vc_hidden-sm vc_hidden-xs&#8220;][\/vc_column_inner][\/vc_row_inner][image_with_animation image_url=&#8220;3365&#8243; alignment=&#8220;center&#8220; animation=&#8220;Fade In&#8220; border_radius=&#8220;none&#8220; box_shadow=&#8220;none&#8220; max_width=&#8220;100%&#8220;][\/vc_column][\/vc_row][vc_row type=&#8220;full_width_background&#8220; full_screen_row_position=&#8220;middle&#8220; bg_color=&#8220;#121212&#8243; scene_position=&#8220;center&#8220; text_color=&#8220;light&#8220; text_align=&#8220;left&#8220; top_padding=&#8220;5%&#8220; bottom_padding=&#8220;5%&#8220; id=&#8220;Dienste&#8220; overlay_strength=&#8220;0.3&#8243; shape_divider_position=&#8220;bottom&#8220; bg_image_animation=&#8220;none&#8220; shape_type=&#8220;&#8220;][vc_column column_padding=&#8220;padding-2-percent&#8220; column_padding_position=&#8220;all&#8220; background_color_opacity=&#8220;1&#8243; background_hover_color_opacity=&#8220;1&#8243; column_link_target=&#8220;_self&#8220; column_shadow=&#8220;none&#8220; column_border_radius=&#8220;none&#8220; width=&#8220;1\/2&#8243; tablet_width_inherit=&#8220;default&#8220; tablet_text_alignment=&#8220;default&#8220; phone_text_alignment=&#8220;default&#8220; column_border_width=&#8220;none&#8220; column_border_style=&#8220;solid&#8220; bg_image_animation=&#8220;none&#8220;][split_line_heading]\n<h2>Das bieten wir Ihnen<\/h2>\n[\/split_line_heading][vc_row_inner column_margin=&#8220;default&#8220; top_padding=&#8220;15&#8243; bottom_padding=&#8220;25&#8243; text_align=&#8220;left&#8220;][vc_column_inner column_padding=&#8220;no-extra-padding&#8220; column_padding_position=&#8220;all&#8220; background_color_opacity=&#8220;1&#8243; background_hover_color_opacity=&#8220;1&#8243; column_shadow=&#8220;none&#8220; column_border_radius=&#8220;none&#8220; column_link_target=&#8220;_self&#8220; width=&#8220;1\/1&#8243; tablet_width_inherit=&#8220;default&#8220; column_border_width=&#8220;none&#8220; column_border_style=&#8220;solid&#8220; bg_image_animation=&#8220;none&#8220; enable_animation=&#8220;true&#8220; animation=&#8220;fade-in-from-bottom&#8220;][vc_column_text]Dank unserer Erfahrung und unserem K\u00f6nnen stellen wir unseren Kunden ein breites Angebot an Dienstleistungen zur Verf\u00fcgung.[\/vc_column_text][\/vc_column_inner][\/vc_row_inner][\/vc_column][vc_column column_padding=&#8220;padding-2-percent&#8220; column_padding_position=&#8220;all&#8220; background_color_opacity=&#8220;1&#8243; background_hover_color_opacity=&#8220;1&#8243; column_link_target=&#8220;_self&#8220; column_shadow=&#8220;none&#8220; column_border_radius=&#8220;none&#8220; width=&#8220;1\/2&#8243; tablet_width_inherit=&#8220;default&#8220; tablet_text_alignment=&#8220;default&#8220; phone_text_alignment=&#8220;default&#8220; column_border_width=&#8220;none&#8220; column_border_style=&#8220;solid&#8220; bg_image_animation=&#8220;none&#8220;]<div class=\"nectar-fancy-ul\" data-list-icon=\"icon-salient-thin-line\" data-animation=\"true\" data-animation-delay=\"0\" data-color=\"extra-color-2\" data-spacing=\"default\" data-alignment=\"left\"> \n<ul>\n<li>Reparatur und Instandhaltung von Autos aller Modelle und Marken<\/li>\n<li>ausstattung von SUVs und Offroad-Fahrzeugen<\/li>\n<li>Reifendienst<\/li>\n<\/ul>\n <\/div>[\/vc_column][\/vc_row][vc_row type=&#8220;full_width_background&#8220; full_screen_row_position=&#8220;middle&#8220; bg_image=&#8220;3147&#8243; bg_position=&#8220;center bottom&#8220; bg_repeat=&#8220;no-repeat&#8220; bg_color=&#8220;#121212&#8243; scene_position=&#8220;center&#8220; text_color=&#8220;light&#8220; text_align=&#8220;left&#8220; top_padding=&#8220;5%&#8220; bottom_padding=&#8220;5%&#8220; id=&#8220;Tuning&#8220; color_overlay=&#8220;#121212&#8243; overlay_strength=&#8220;0.8&#8243; shape_divider_position=&#8220;bottom&#8220; bg_image_animation=&#8220;none&#8220; parallax_bg=&#8220;true&#8220; parallax_bg_speed=&#8220;medium&#8220; shape_type=&#8220;&#8220;][vc_column column_padding=&#8220;padding-2-percent&#8220; column_padding_position=&#8220;all&#8220; background_color_opacity=&#8220;1&#8243; background_hover_color_opacity=&#8220;1&#8243; column_link_target=&#8220;_self&#8220; column_shadow=&#8220;none&#8220; column_border_radius=&#8220;none&#8220; width=&#8220;1\/3&#8243; tablet_width_inherit=&#8220;default&#8220; tablet_text_alignment=&#8220;default&#8220; phone_text_alignment=&#8220;default&#8220; column_border_width=&#8220;none&#8220; column_border_style=&#8220;solid&#8220; bg_image_animation=&#8220;none&#8220;][\/vc_column][vc_column column_padding=&#8220;padding-2-percent&#8220; column_padding_position=&#8220;all&#8220; background_color_opacity=&#8220;1&#8243; background_hover_color_opacity=&#8220;1&#8243; column_link_target=&#8220;_self&#8220; column_shadow=&#8220;none&#8220; column_border_radius=&#8220;none&#8220; width=&#8220;2\/3&#8243; tablet_width_inherit=&#8220;default&#8220; tablet_text_alignment=&#8220;default&#8220; phone_text_alignment=&#8220;default&#8220; column_border_width=&#8220;none&#8220; column_border_style=&#8220;solid&#8220; bg_image_animation=&#8220;none&#8220;][split_line_heading]\n<h2>Machen Sie Ihren Offroader zum Einzelst\u00fcck!<\/h2>\n[\/split_line_heading][vc_row_inner column_margin=&#8220;default&#8220; top_padding=&#8220;15&#8243; bottom_padding=&#8220;25&#8243; text_align=&#8220;left&#8220;][vc_column_inner column_padding=&#8220;no-extra-padding&#8220; column_padding_position=&#8220;all&#8220; background_color_opacity=&#8220;1&#8243; background_hover_color_opacity=&#8220;1&#8243; column_shadow=&#8220;none&#8220; column_border_radius=&#8220;none&#8220; column_link_target=&#8220;_self&#8220; width=&#8220;1\/1&#8243; tablet_width_inherit=&#8220;default&#8220; column_border_width=&#8220;none&#8220; column_border_style=&#8220;solid&#8220; bg_image_animation=&#8220;none&#8220; enable_animation=&#8220;true&#8220; animation=&#8220;fade-in-from-bottom&#8220;][vc_column_text]Unsere Mechaniker stehen Ihnen zur Seite, wenn Sie an Ihrem SUV oder Offroad-Fahrzeug Anpassungen vornehmen wollen. Dabei k\u00f6nnen Sie sich auf ihre Erfahrung, ihr K\u00f6nnen und ihr Wissen \u00fcber alle technischen Neuheiten verlassen und auf eine umfassende Beratung z\u00e4hlen. So wird Ihr Offroader zum Einzelst\u00fcck und ist f\u00fcr alle Pisten gewappnet.<\/p>\n<p>Unser Tuningdienst f\u00fcr Offroad-Fahrzeuge[\/vc_column_text][\/vc_column_inner][\/vc_row_inner][vc_row_inner column_margin=&#8220;default&#8220; text_align=&#8220;left&#8220;][vc_column_inner column_padding=&#8220;no-extra-padding&#8220; column_padding_position=&#8220;all&#8220; background_color_opacity=&#8220;1&#8243; background_hover_color_opacity=&#8220;1&#8243; column_shadow=&#8220;none&#8220; column_border_radius=&#8220;none&#8220; column_link_target=&#8220;_self&#8220; width=&#8220;1\/2&#8243; tablet_width_inherit=&#8220;default&#8220; column_border_width=&#8220;none&#8220; column_border_style=&#8220;solid&#8220; bg_image_animation=&#8220;none&#8220;]<div class=\"nectar-fancy-ul\" data-list-icon=\"icon-salient-thin-line\" data-animation=\"true\" data-animation-delay=\"0\" data-color=\"extra-color-2\" data-spacing=\"default\" data-alignment=\"left\"> \n<ul>\n<li>komplettfahrwerke,fahrwerke nach bedarf-achsumbau- Anpassungen nach Kundenwunsch<\/li>\n<li>Kardanwelle,auf mass<\/li>\n<li>Differentialsperre (unterschiedliche Marken und Typen)<\/li>\n<li>Motoren: Schnorchel, Staub- und Partikelfilter<\/li>\n<\/ul>\n <\/div>[\/vc_column_inner][vc_column_inner column_padding=&#8220;no-extra-padding&#8220; column_padding_position=&#8220;all&#8220; background_color_opacity=&#8220;1&#8243; background_hover_color_opacity=&#8220;1&#8243; column_shadow=&#8220;none&#8220; column_border_radius=&#8220;none&#8220; column_link_target=&#8220;_self&#8220; width=&#8220;1\/2&#8243; tablet_width_inherit=&#8220;default&#8220; column_border_width=&#8220;none&#8220; column_border_style=&#8220;solid&#8220; bg_image_animation=&#8220;none&#8220;]<div class=\"nectar-fancy-ul\" data-list-icon=\"icon-salient-thin-line\" data-animation=\"true\" data-animation-delay=\"0\" data-color=\"extra-color-2\" data-spacing=\"default\" data-alignment=\"left\"> \n<ul>\n<li>\u00dcberrollb\u00fcgel<\/li>\n<li>Seilwinden -verst\u00e4rkte stosstange-homologierung von stosstange und seilwinde<\/li>\n<li>Offroad-Reifen: Stra\u00dfenreifen, All-Terrain-Reifen, Mud-terrain-Reifen, Winterreifen,<\/li>\n<li>Anpassung und Tuning des Innenraums<\/li>\n<\/ul>\n <\/div>[\/vc_column_inner][\/vc_row_inner][\/vc_column][\/vc_row][vc_row type=&#8220;full_width_content&#8220; full_screen_row_position=&#8220;middle&#8220; bg_color=&#8220;#18191c&#8220; scene_position=&#8220;center&#8220; text_color=&#8220;light&#8220; text_align=&#8220;left&#8220; overlay_strength=&#8220;0.3&#8243; shape_divider_position=&#8220;bottom&#8220; bg_image_animation=&#8220;none&#8220;][vc_column column_padding=&#8220;no-extra-padding&#8220; column_padding_position=&#8220;all&#8220; background_color_opacity=&#8220;1&#8243; background_hover_color_opacity=&#8220;1&#8243; column_link_target=&#8220;_self&#8220; column_shadow=&#8220;none&#8220; column_border_radius=&#8220;none&#8220; width=&#8220;1\/2&#8243; tablet_width_inherit=&#8220;default&#8220; tablet_text_alignment=&#8220;default&#8220; phone_text_alignment=&#8220;default&#8220; column_border_width=&#8220;none&#8220; column_border_style=&#8220;solid&#8220; bg_image_animation=&#8220;none&#8220;][vc_row_inner equal_height=&#8220;yes&#8220; content_placement=&#8220;middle&#8220; column_margin=&#8220;default&#8220; text_align=&#8220;left&#8220;][vc_column_inner background_image=&#8220;3218&#8243; enable_bg_scale=&#8220;true&#8220; column_padding=&#8220;padding-7-percent&#8220; column_padding_position=&#8220;all&#8220; background_color=&#8220;#121212&#8243; background_color_opacity=&#8220;0.7&#8243; background_hover_color_opacity=&#8220;1&#8243; column_shadow=&#8220;none&#8220; column_border_radius=&#8220;none&#8220; column_link_target=&#8220;_self&#8220; width=&#8220;1\/2&#8243; tablet_width_inherit=&#8220;default&#8220; column_border_width=&#8220;none&#8220; column_border_style=&#8220;solid&#8220; bg_image_animation=&#8220;none&#8220; enable_animation=&#8220;true&#8220; animation=&#8220;flip-in-vertical&#8220;][divider line_type=&#8220;No Line&#8220; custom_height=&#8220;200&#8243;][\/vc_column_inner][vc_column_inner background_image=&#8220;3219&#8243; column_padding=&#8220;padding-7-percent&#8220; column_padding_position=&#8220;all&#8220; background_color_opacity=&#8220;1&#8243; background_hover_color_opacity=&#8220;1&#8243; font_color=&#8220;#e2e2e2&#8243; column_shadow=&#8220;none&#8220; column_border_radius=&#8220;none&#8220; column_link_target=&#8220;_self&#8220; width=&#8220;1\/2&#8243; tablet_width_inherit=&#8220;default&#8220; column_border_width=&#8220;none&#8220; column_border_style=&#8220;solid&#8220; bg_image_animation=&#8220;none&#8220; enable_animation=&#8220;true&#8220; animation=&#8220;flip-in-vertical&#8220; delay=&#8220;100&#8243;][divider line_type=&#8220;No Line&#8220; custom_height=&#8220;200&#8243;][\/vc_column_inner][\/vc_row_inner][vc_row_inner equal_height=&#8220;yes&#8220; content_placement=&#8220;middle&#8220; column_margin=&#8220;default&#8220; text_align=&#8220;left&#8220;][vc_column_inner column_padding=&#8220;padding-7-percent&#8220; column_padding_position=&#8220;all&#8220; background_color=&#8220;#121212&#8243; background_color_opacity=&#8220;1&#8243; background_hover_color_opacity=&#8220;1&#8243; column_shadow=&#8220;none&#8220; column_border_radius=&#8220;none&#8220; column_link_target=&#8220;_self&#8220; width=&#8220;1\/2&#8243; tablet_width_inherit=&#8220;default&#8220; column_border_width=&#8220;none&#8220; column_border_style=&#8220;solid&#8220; bg_image_animation=&#8220;none&#8220; enable_animation=&#8220;true&#8220; animation=&#8220;flip-in-vertical&#8220;][vc_custom_heading text=&#8220;Unsere<br \/>\nOff Roads&#8220; font_container=&#8220;tag:h4|font_size:38|text_align:left|color:%23ffffff|line_height:46px&#8220; use_theme_fonts=&#8220;yes&#8220; css=&#8220;.vc_custom_1558703732604{margin-top: -15px !important;}&#8220;][divider line_type=&#8220;No Line&#8220; custom_height=&#8220;100&#8243;][nectar_cta btn_style=&#8220;see-through&#8220; heading_tag=&#8220;h5&#8243; text_color=&#8220;#ffffff&#8220; link_type=&#8220;regular&#8220; alignment=&#8220;left&#8220; link_text=&#8220;Scoprili&#8220; url=&#8220;\/de\/gebrauchtwagen\/&#8220;][\/vc_column_inner][vc_column_inner background_image=&#8220;3217&#8243; enable_bg_scale=&#8220;true&#8220; column_padding=&#8220;padding-7-percent&#8220; column_padding_position=&#8220;all&#8220; background_color=&#8220;#121212&#8243; background_color_opacity=&#8220;0.7&#8243; background_hover_color_opacity=&#8220;1&#8243; column_shadow=&#8220;none&#8220; column_border_radius=&#8220;none&#8220; column_link_target=&#8220;_self&#8220; width=&#8220;1\/2&#8243; tablet_width_inherit=&#8220;default&#8220; column_border_width=&#8220;none&#8220; column_border_style=&#8220;solid&#8220; bg_image_animation=&#8220;none&#8220; enable_animation=&#8220;true&#8220; animation=&#8220;flip-in-vertical&#8220; delay=&#8220;100&#8243;][divider line_type=&#8220;No Line&#8220; custom_height=&#8220;150&#8243;][\/vc_column_inner][\/vc_row_inner][\/vc_column][vc_column column_padding=&#8220;padding-9-percent&#8220; column_padding_position=&#8220;all&#8220; background_color=&#8220;#333333&#8243; background_color_opacity=&#8220;0.5&#8243; background_hover_color_opacity=&#8220;1&#8243; background_image=&#8220;3216&#8243; column_link_target=&#8220;_self&#8220; column_shadow=&#8220;none&#8220; column_border_radius=&#8220;none&#8220; width=&#8220;1\/2&#8243; tablet_width_inherit=&#8220;default&#8220; tablet_text_alignment=&#8220;default&#8220; phone_text_alignment=&#8220;default&#8220; column_border_width=&#8220;none&#8220; column_border_style=&#8220;solid&#8220; bg_image_animation=&#8220;none&#8220; enable_animation=&#8220;true&#8220; animation=&#8220;flip-in-vertical&#8220; delay=&#8220;200&#8243;][\/vc_column][\/vc_row][vc_row type=&#8220;full_width_content&#8220; full_screen_row_position=&#8220;middle&#8220; bg_color=&#8220;#121212&#8243; scene_position=&#8220;center&#8220; text_color=&#8220;light&#8220; text_align=&#8220;left&#8220; id=&#8220;Anreise&#8220; color_overlay=&#8220;#0c0c0c&#8220; overlay_strength=&#8220;0.5&#8243; shape_divider_position=&#8220;bottom&#8220; bg_image_animation=&#8220;none&#8220; shape_type=&#8220;&#8220;][vc_column column_padding=&#8220;no-extra-padding&#8220; column_padding_position=&#8220;all&#8220; background_color_opacity=&#8220;1&#8243; background_hover_color_opacity=&#8220;1&#8243; column_link_target=&#8220;_self&#8220; column_shadow=&#8220;none&#8220; column_border_radius=&#8220;none&#8220; width=&#8220;1\/1&#8243; tablet_width_inherit=&#8220;default&#8220; tablet_text_alignment=&#8220;default&#8220; phone_text_alignment=&#8220;default&#8220; column_border_width=&#8220;none&#8220; column_border_style=&#8220;solid&#8220; bg_image_animation=&#8220;none&#8220;][vc_raw_html]JTNDaWZyYW1lJTIwc3JjJTNEJTIyaHR0cHMlM0ElMkYlMkZ3d3cuZ29vZ2xlLmNvbSUyRm1hcHMlMkZlbWJlZCUzRnBiJTNEJTIxMW0xOCUyMTFtMTIlMjExbTMlMjExZDM1MTguNjI2MTM3MzUzODI0NiUyMTJkMTEuNDk0OTc5NjM2NTk1MzgzJTIxM2Q0Ni41MDMyNjQ2MzI1MDM2MTUlMjEybTMlMjExZjAlMjEyZjAlMjEzZjAlMjEzbTIlMjExaTEwMjQlMjEyaTc2OCUyMTRmMTMuMSUyMTNtMyUyMTFtMiUyMTFzMHg0Nzc4NzQ3NWQ5YzVkNWQxJTI1M0EweGM0YjhkNzBhZGU5YWMxNDklMjEyc01wJTJCQ2FyJTJCU2VydmljZSUyMTVlMSUyMTNtMiUyMTFzaXQlMjEyc2l0JTIxNHYxNTU2MDI3MDE2NDA0JTIxNW0yJTIxMXNpdCUyMTJzaXQlMjIlMjB3aWR0aCUzRCUyMjEwMCUyNSUyMiUyMGhlaWdodCUzRCUyMjU1MCUyMiUyMGZyYW1lYm9yZGVyJTNEJTIyMCUyMiUyMHN0eWxlJTNEJTIyYm9yZGVyJTNBMCUyMiUyMGFsbG93ZnVsbHNjcmVlbiUzRSUzQyUyRmlmcmFtZSUzRQ==[\/vc_raw_html][\/vc_column][\/vc_row]\n","protected":false},"excerpt":{"rendered":"<p>[vc_row type=&#8220;full_width_content&#8220; full_screen_row_position=&#8220;middle&#8220; equal_height=&#8220;yes&#8220; content_placement=&#8220;top&#8220; bg_image=&#8220;3360&#8243; bg_position=&#8220;center center&#8220; bg_repeat=&#8220;no-repeat&#8220; bg_color=&#8220;#232323&#8243; scene_position=&#8220;center&#8220; text_color=&#8220;light&#8220; text_align=&#8220;left&#8220; top_padding=&#8220;12%&#8220; bottom_padding=&#8220;24%&#8220; color_overlay=&#8220;#000000&#8243; overlay_strength=&#8220;0.3&#8243; shape_divider_position=&#8220;bottom&#8220; bg_image_animation=&#8220;none&#8220; shape_type=&#8220;&#8220;][vc_column column_padding=&#8220;no-extra-padding&#8220; column_padding_position=&#8220;all&#8220; background_color_opacity=&#8220;1&#8243; background_hover_color_opacity=&#8220;1&#8243; column_link_target=&#8220;_self&#8220;&#8230;<\/p>\n","protected":false},"author":1,"featured_media":0,"parent":0,"menu_order":0,"comment_status":"closed","ping_status":"closed","template":"","meta":{"footnotes":""},"class_list":["post-3391","page","type-page","status-publish"],"_links":{"self":[{"href":"https:\/\/mpcarservice.it\/de\/wp-json\/wp\/v2\/pages\/3391","targetHints":{"allow":["GET"]}}],"collection":[{"href":"https:\/\/mpcarservice.it\/de\/wp-json\/wp\/v2\/pages"}],"about":[{"href":"https:\/\/mpcarservice.it\/de\/wp-json\/wp\/v2\/types\/page"}],"author":[{"embeddable":true,"href":"https:\/\/mpcarservice.it\/de\/wp-json\/wp\/v2\/users\/1"}],"replies":[{"embeddable":true,"href":"https:\/\/mpcarservice.it\/de\/wp-json\/wp\/v2\/comments?post=3391"}],"version-history":[{"count":5,"href":"https:\/\/mpcarservice.it\/de\/wp-json\/wp\/v2\/pages\/3391\/revisions"}],"predecessor-version":[{"id":3409,"href":"https:\/\/mpcarservice.it\/de\/wp-json\/wp\/v2\/pages\/3391\/revisions\/3409"}],"wp:attachment":[{"href":"https:\/\/mpcarservice.it\/de\/wp-json\/wp\/v2\/media?parent=3391"}],"curies":[{"name":"wp","href":"https:\/\/api.w.org\/{rel}","templated":true}]}}